{"id":10908,"date":"2024-12-09T09:01:40","date_gmt":"2024-12-09T09:01:40","guid":{"rendered":"http:\/\/14.128.63.130:1299\/?page_id=10908"},"modified":"2025-01-08T01:35:15","modified_gmt":"2025-01-08T01:35:15","slug":"download-1xbet-app","status":"publish","type":"page","link":"https:\/\/official1xbet.com\/tr\/download-1xbet-app\/","title":{"rendered":"1XBET Uygulamas\u0131n\u0131 \u0130ndir"},"content":{"rendered":"","protected":false},"excerpt":{"rendered":"","protected":false},"author":1,"featured_media":0,"parent":0,"menu_order":0,"comment_status":"closed","ping_status":"closed","template":"","meta":{"_kad_post_transparent":"","_kad_post_title":"","_kad_post_layout":"","_kad_post_sidebar_id":"","_kad_post_content_style":"","_kad_post_vertical_padding":"","_kad_post_feature":"","_kad_post_feature_position":"","_kad_post_header":false,"_kad_post_footer":false,"_kad_post_classname":"","footnotes":""},"class_list":["post-10908","page","type-page","status-publish","hentry"],"_links":{"self":[{"href":"https:\/\/official1xbet.com\/tr\/wp-json\/wp\/v2\/pages\/10908","targetHints":{"allow":["GET"]}}],"collection":[{"href":"https:\/\/official1xbet.com\/tr\/wp-json\/wp\/v2\/pages"}],"about":[{"href":"https:\/\/official1xbet.com\/tr\/wp-json\/wp\/v2\/types\/page"}],"author":[{"embeddable":true,"href":"https:\/\/official1xbet.com\/tr\/wp-json\/wp\/v2\/users\/1"}],"replies":[{"embeddable":true,"href":"https:\/\/official1xbet.com\/tr\/wp-json\/wp\/v2\/comments?post=10908"}],"version-history":[{"count":1,"href":"https:\/\/official1xbet.com\/tr\/wp-json\/wp\/v2\/pages\/10908\/revisions"}],"predecessor-version":[{"id":10909,"href":"https:\/\/official1xbet.com\/tr\/wp-json\/wp\/v2\/pages\/10908\/revisions\/10909"}],"wp:attachment":[{"href":"https:\/\/official1xbet.com\/tr\/wp-json\/wp\/v2\/media?parent=10908"}],"curies":[{"name":"wp","href":"https:\/\/api.w.org\/{rel}","templated":true}]}}