{"id":8,"date":"2024-12-04T08:13:37","date_gmt":"2024-12-04T08:13:37","guid":{"rendered":"http:\/\/14.128.63.130:1299\/?page_id=8"},"modified":"2024-12-08T10:21:05","modified_gmt":"2024-12-08T10:21:05","slug":"1xbet-registration","status":"publish","type":"page","link":"https:\/\/official1xbet.com\/fr\/1xbet-registration\/","title":{"rendered":"Inscription"},"content":{"rendered":"<style>.kadence-column8_acd7c2-88 > .kt-inside-inner-col{padding-top:var(--global-kb-spacing-3xl, 6.5rem);padding-bottom:var(--global-kb-spacing-3xl, 6.5rem);}.kadence-column8_acd7c2-88 > .kt-inside-inner-col,.kadence-column8_acd7c2-88 > .kt-inside-inner-col:before{border-top-left-radius:0px;border-top-right-radius:0px;border-bottom-right-radius:0px;border-bottom-left-radius:0px;}.kadence-column8_acd7c2-88 > .kt-inside-inner-col{column-gap:var(--global-kb-gap-sm, 1rem);}.kadence-column8_acd7c2-88 > .kt-inside-inner-col{flex-direction:column;}.kadence-column8_acd7c2-88 > .kt-inside-inner-col > .aligncenter{width:100%;}.kadence-column8_acd7c2-88 > .kt-inside-inner-col{background-image:url('\/wp-content\/uploads\/2024\/12\/Registro-1xbet.jpg');background-size:cover;background-position:100% 50%;background-attachment:scroll;background-repeat:no-repeat;}.kadence-column8_acd7c2-88 > .kt-inside-inner-col:before{opacity:0.3;}.kadence-column8_acd7c2-88{position:relative;}@media all and (max-width: 1024px){.kadence-column8_acd7c2-88 > .kt-inside-inner-col{flex-direction:column;justify-content:center;}}@media all and (max-width: 767px){.kadence-column8_acd7c2-88 > .kt-inside-inner-col{flex-direction:column;justify-content:center;}}<\/style>\n<div class=\"wp-block-kadence-column kadence-column8_acd7c2-88\"><div class=\"kt-inside-inner-col\">\n<div class=\"wp-block-columns nwm-container is-layout-flex wp-container-core-columns-is-layout-9d6595d7 wp-block-columns-is-layout-flex\" id=\"Container\">\n<div class=\"wp-block-column has-theme-palette-9-color has-text-color has-link-color wp-elements-b9fe5f67f10a804dfd94d96a768c29ab is-layout-flow wp-block-column-is-layout-flow\">\n<h1 class=\"wp-block-heading has-theme-palette-9-color has-text-color has-link-color wp-elements-3435f59ce38015a39eee5bca05b067d1\">Inscription et v\u00e9rification 1xBet pour les nouveaux utilisateurs<\/h1>\n\n\n\n<p>Rejoignez 1xBet, le meilleur site de paris au monde ! Inscrivez-vous, v\u00e9rifiez votre compte et d\u00e9bloquez des offres exclusives, des promotions et des jeux passionnants.<br>Devenez membre de 1xBet et commencez \u00e0 gagner !<\/p>\n\n\n\n<div class=\"wp-block-buttons is-layout-flex wp-block-buttons-is-layout-flex\">\n<div class=\"wp-block-button\"><a class=\"wp-block-button__link wp-element-button\">rejoindre 1xbet<\/a><\/div>\n<\/div>\n<\/div>\n\n\n\n<div class=\"wp-block-column is-layout-flow wp-block-column-is-layout-flow\"><\/div>\n<\/div>\n<\/div><\/div>\n\n\n<style>.kadence-column8_cfb8ed-1e > .kt-inside-inner-col{padding-top:var(--global-kb-spacing-3xl, 6.5rem);padding-bottom:var(--global-kb-spacing-3xl, 6.5rem);}.kadence-column8_cfb8ed-1e > .kt-inside-inner-col,.kadence-column8_cfb8ed-1e > .kt-inside-inner-col:before{border-top-left-radius:0px;border-top-right-radius:0px;border-bottom-right-radius:0px;border-bottom-left-radius:0px;}.kadence-column8_cfb8ed-1e > .kt-inside-inner-col{column-gap:var(--global-kb-gap-sm, 1rem);}.kadence-column8_cfb8ed-1e > .kt-inside-inner-col{flex-direction:column;}.kadence-column8_cfb8ed-1e > .kt-inside-inner-col > .aligncenter{width:100%;}.kadence-column8_cfb8ed-1e > .kt-inside-inner-col:before{opacity:0.3;}.kadence-column8_cfb8ed-1e{position:relative;}@media all and (max-width: 1024px){.kadence-column8_cfb8ed-1e > .kt-inside-inner-col{flex-direction:column;justify-content:center;}}@media all and (max-width: 767px){.kadence-column8_cfb8ed-1e > .kt-inside-inner-col{flex-direction:column;justify-content:center;}}<\/style>\n<div class=\"wp-block-kadence-column kadence-column8_cfb8ed-1e\"><div class=\"kt-inside-inner-col\">\n<div class=\"wp-block-columns nwm-container has-theme-palette-9-background-color has-background is-layout-flex wp-container-core-columns-is-layout-9d6595d7 wp-block-columns-is-layout-flex\" id=\"Container\">\n<div class=\"wp-block-column is-layout-flow wp-block-column-is-layout-flow\">\n<h2 class=\"wp-block-heading\">Guide d'inscription et de connexion au compte 1xBet<\/h2>\n\n\n\n<p>Bienvenue sur 1xBet, le casino en ligne leader offrant une excitation sans fin et des opportunit\u00e9s de gagner \u00e0 l\u2019\u00e9chelle internationale. Si vous \u00eates nouveau sur 1xBet et pr\u00eat \u00e0 commencer votre aventure de jeu, ce guide simple d\u2019inscription et de connexion vous aidera \u00e0 cr\u00e9er votre compte et \u00e0 explorer tous les jeux et fonctionnalit\u00e9s passionnants de notre plateforme. Que vous soyez un utilisateur d\u00e9butant ou que vous ayez besoin d\u2019un rappel rapide, ce guide garantit un processus fluide et facile, de l\u2019inscription \u00e0 la connexion.<\/p>\n\n\n\n<figure class=\"wp-block-image alignfull size-full\"><img loading=\"lazy\" decoding=\"async\" width=\"1076\" height=\"492\" src=\"\/wp-content\/uploads\/2024\/12\/1xbet-account-registration.jpg\" alt=\"\" class=\"wp-image-10580\"\/><\/figure>\n\n\n\n<h2 class=\"wp-block-heading\">Comment s\u2019inscrire avec 1xBet<\/h2>\n\n\n\n<p>Pour profiter pleinement de l\u2019exp\u00e9rience passionnante du casino 1xBet, vous devez d\u2019abord cr\u00e9er un compte. Voici un guide \u00e9tape par \u00e9tape d\u00e9taill\u00e9 sur la fa\u00e7on de compl\u00e9ter le processus d\u2019inscription 1xBet :<\/p>\n\n\n\n<ol class=\"wp-block-list\">\n<li>Visitez le site web 1xBet.<\/li>\n\n\n\n<li>Cliquez sur le bouton d\u2019inscription vert en haut \u00e0 droite.<\/li>\n\n\n\n<li>Choisissez votre m\u00e9thode d\u2019inscription pr\u00e9f\u00e9r\u00e9e.<\/li>\n\n\n\n<li>Entrez vos coordonn\u00e9es personnelles.<\/li>\n\n\n\n<li>Ajoutez un code promo 1xBet (si vous en avez un).<\/li>\n\n\n\n<li>Confirmez vos d\u00e9tails.<\/li>\n\n\n\n<li>Terminez l\u2019inscription.<\/li>\n<\/ol>\n\n\n\n<p>Une fois inscrit, vous pouvez vous connecter \u00e0 votre compte et commencer \u00e0 jouer. Vous pouvez vous inscrire en utilisant votre email, votre num\u00e9ro de t\u00e9l\u00e9phone, les r\u00e9seaux sociaux ou avec une option en un clic. La m\u00e9thode en un clic est la plus rapide et n\u00e9cessite le moins d\u2019informations. D\u2019autres m\u00e9thodes, comme l\u2019inscription par email ou t\u00e9l\u00e9phone, demandent plus de d\u00e9tails. Utiliser un code promo peut \u00e9galement vous donner des cr\u00e9dits bonus suppl\u00e9mentaires.<\/p>\n\n\n\n<div class=\"wp-block-buttons is-content-justification-center is-layout-flex wp-container-core-buttons-is-layout-16018d1d wp-block-buttons-is-layout-flex\">\n<div class=\"wp-block-button\"><a class=\"wp-block-button__link wp-element-button\">inscription<\/a><\/div>\n\n\n\n<div class=\"wp-block-button\"><a class=\"wp-block-button__link wp-element-button\">t\u00e9l\u00e9charger l\u2019application 1xbet <\/a><\/div>\n\n\n\n<div class=\"wp-block-button\"><a class=\"wp-block-button__link wp-element-button\">connexion<\/a><\/div>\n<\/div>\n<\/div>\n<\/div>\n\n\n\n<div class=\"wp-block-columns nwm-container has-theme-palette-9-background-color has-background is-layout-flex wp-container-core-columns-is-layout-9d6595d7 wp-block-columns-is-layout-flex\" id=\"Container\">\n<div class=\"wp-block-column is-layout-flow wp-block-column-is-layout-flow\">\n<h2 class=\"wp-block-heading\"><strong>Diff\u00e9rentes m\u00e9thodes d\u2019inscription sur 1xBet<\/strong><\/h2>\n\n\n\n<p>Comme mentionn\u00e9 pr\u00e9c\u00e9demment, 1xBet offre plusieurs options d'inscription, permettant aux joueurs de choisir celle qui leur convient le mieux. La fa\u00e7on la plus rapide de s'inscrire est d'utiliser la m\u00e9thode en un clic, tandis que le processus le plus d\u00e9taill\u00e9 implique de s'inscrire par e-mail. Voici les diff\u00e9rentes m\u00e9thodes d'inscription disponibles :<\/p>\n\n\n\n<ul class=\"wp-block-list\">\n<li>Inscription en un clic<\/li>\n\n\n\n<li>S'inscrire via un num\u00e9ro de t\u00e9l\u00e9phone<\/li>\n\n\n\n<li>S'inscrire via une adresse e-mail<\/li>\n\n\n\n<li>S'inscrire en utilisant un r\u00e9seau social<\/li>\n<\/ul>\n<\/div>\n\n\n\n<div class=\"wp-block-column is-layout-flow wp-block-column-is-layout-flow\"><div class=\"wp-block-image\">\n<figure class=\"aligncenter size-full\"><img loading=\"lazy\" decoding=\"async\" width=\"738\" height=\"404\" src=\"\/wp-content\/uploads\/2024\/12\/1xbet-sign-up-1.jpg\" alt=\"\" class=\"wp-image-10565\"\/><\/figure>\n<\/div><\/div>\n<\/div>\n\n\n\n<div class=\"wp-block-columns nwm-container has-theme-palette-9-background-color has-background is-layout-flex wp-container-core-columns-is-layout-9d6595d7 wp-block-columns-is-layout-flex\" id=\"Container\">\n<div class=\"wp-block-column is-layout-flow wp-block-column-is-layout-flow\"><div class=\"wp-block-image\">\n<figure class=\"aligncenter size-full is-resized\"><img loading=\"lazy\" decoding=\"async\" width=\"719\" height=\"1343\" src=\"\/wp-content\/uploads\/2024\/12\/One-Click-Registration-1xbet-2.jpg\" alt=\"\" class=\"wp-image-10570\" style=\"width:384px;height:auto\"\/><\/figure>\n<\/div><\/div>\n\n\n\n<div class=\"wp-block-column is-layout-flow wp-block-column-is-layout-flow\">\n<h2 class=\"wp-block-heading\">Inscription en un clic<\/h2>\n\n\n\n<p>Pour les joueurs qui pr\u00e9f\u00e8rent un processus d'inscription rapide et simple, la m\u00e9thode en un clic est id\u00e9ale. Pour vous inscrire en utilisant cette m\u00e9thode, suivez ces \u00e9tapes simples :<\/p>\n\n\n\n<ol class=\"wp-block-list\">\n<li>Visitez le site web de 1xBet<\/li>\n\n\n\n<li>Cliquez sur le bouton d'inscription<\/li>\n\n\n\n<li>S\u00e9lectionnez votre pays et votre lieu de r\u00e9sidence actuel, et entrez le code promotionnel (si vous en avez un)<\/li>\n\n\n\n<li>Confirmez vos informations<\/li>\n\n\n\n<li>Terminez l'inscription<\/li>\n<\/ol>\n\n\n\n<p>La m\u00e9thode en un clic est le moyen le plus rapide et le plus facile de commencer, surtout pour ceux qui veulent une introduction rapide au bookmaker de 1xBet. Cette option est pr\u00e9sent\u00e9e en premier lorsque vous commencez le processus d'inscription.<\/p>\n<\/div>\n<\/div>\n\n\n\n<div class=\"wp-block-columns nwm-container has-theme-palette-9-background-color has-background is-layout-flex wp-container-core-columns-is-layout-9d6595d7 wp-block-columns-is-layout-flex\" id=\"Container\">\n<div class=\"wp-block-column is-layout-flow wp-block-column-is-layout-flow\">\n<h2 class=\"wp-block-heading\">Inscription par num\u00e9ro de t\u00e9l\u00e9phone<\/h2>\n\n\n\n<p>Si vous pr\u00e9f\u00e9rez vous inscrire en utilisant votre num\u00e9ro de t\u00e9l\u00e9phone, suivez ces \u00e9tapes :<\/p>\n\n\n\n<ol class=\"wp-block-list\">\n<li>Visitez le site web de 1xBet<\/li>\n\n\n\n<li>Cliquez sur le bouton d'inscription<\/li>\n\n\n\n<li>Choisissez l'option d'inscription par num\u00e9ro de t\u00e9l\u00e9phone<\/li>\n\n\n\n<li>Entrez votre num\u00e9ro de t\u00e9l\u00e9phone<\/li>\n\n\n\n<li>Confirmez le num\u00e9ro<\/li>\n\n\n\n<li>Terminez l'inscription<\/li>\n<\/ol>\n\n\n\n<p>Une fois que vous avez confirm\u00e9 votre num\u00e9ro de t\u00e9l\u00e9phone, le processus d'inscription est termin\u00e9. Cette m\u00e9thode est rapide et ne n\u00e9cessite que des informations personnelles minimales.<\/p>\n<\/div>\n\n\n\n<div class=\"wp-block-column is-layout-flow wp-block-column-is-layout-flow\">\n<figure class=\"wp-block-image size-full\"><img loading=\"lazy\" decoding=\"async\" width=\"689\" height=\"424\" src=\"\/wp-content\/uploads\/2024\/12\/Phone-Number-At-1xBet-2.jpg\" alt=\"\" class=\"wp-image-10575\"\/><\/figure>\n<\/div>\n<\/div>\n\n\n\n<div class=\"wp-block-columns nwm-container has-theme-palette-9-background-color has-background is-layout-flex wp-container-core-columns-is-layout-9d6595d7 wp-block-columns-is-layout-flex\" id=\"Container\">\n<div class=\"wp-block-column is-layout-flow wp-block-column-is-layout-flow\">\n<figure class=\"wp-block-image size-full\"><img loading=\"lazy\" decoding=\"async\" width=\"754\" height=\"524\" src=\"\/wp-content\/uploads\/2024\/12\/1xBet-Registration-by-E-Mail.jpg\" alt=\"\" class=\"wp-image-10571\"\/><\/figure>\n<\/div>\n\n\n\n<div class=\"wp-block-column is-layout-flow wp-block-column-is-layout-flow\">\n<h2 class=\"wp-block-heading\">Inscription par e-mail<\/h2>\n\n\n\n<p>Pour ceux qui souhaitent un processus d'inscription plus d\u00e9taill\u00e9, la m\u00e9thode par e-mail est le meilleur choix. Suivez ces \u00e9tapes pour vous inscrire via e-mail :<\/p>\n\n\n\n<ol class=\"wp-block-list\">\n<li>Visitez le site web de 1xBet<\/li>\n\n\n\n<li>Cliquez sur le bouton d'inscription<\/li>\n\n\n\n<li>Choisissez l'option d'inscription par e-mail<\/li>\n\n\n\n<li>Entrez votre nom, pays, ville, num\u00e9ro de t\u00e9l\u00e9phone et cr\u00e9ez un mot de passe<\/li>\n\n\n\n<li>Entrez votre code promo (si vous en avez un)<\/li>\n\n\n\n<li>Confirmez vos informations<\/li>\n\n\n\n<li>Terminez l'inscription<\/li>\n<\/ol>\n\n\n\n<p>La m\u00e9thode d'inscription par e-mail est la plus compl\u00e8te, n\u00e9cessitant plus d'informations que les autres m\u00e9thodes.<\/p>\n<\/div>\n<\/div>\n\n\n\n<div class=\"wp-block-columns nwm-container has-theme-palette-9-background-color has-background is-layout-flex wp-container-core-columns-is-layout-9d6595d7 wp-block-columns-is-layout-flex\" id=\"Container\">\n<div class=\"wp-block-column is-layout-flow wp-block-column-is-layout-flow\">\n<h2 class=\"wp-block-heading\">Inscription via les r\u00e9seaux sociaux<\/h2>\n\n\n\n<p>Si vous souhaitez utiliser vos comptes de r\u00e9seaux sociaux pour vous inscrire, suivez ces \u00e9tapes :<\/p>\n\n\n\n<ol class=\"wp-block-list\">\n<li>Visitez le site web de 1xBet<\/li>\n\n\n\n<li>Cliquez sur le bouton d'inscription<\/li>\n\n\n\n<li>S\u00e9lectionnez l'option d'inscription via les r\u00e9seaux sociaux<\/li>\n\n\n\n<li>Choisissez votre r\u00e9seau social pr\u00e9f\u00e9r\u00e9 (par exemple, Facebook, Google ou autres)<\/li>\n\n\n\n<li>Entrez votre code promo (si vous en avez un)<\/li>\n\n\n\n<li>Terminez l'inscription<\/li>\n<\/ol>\n\n\n\n<p>Compar\u00e9e aux autres m\u00e9thodes, l'option d'inscription via les r\u00e9seaux sociaux est la plus d\u00e9taill\u00e9e, demandant plus d'informations personnelles.<\/p>\n<\/div>\n\n\n\n<div class=\"wp-block-column is-layout-flow wp-block-column-is-layout-flow\"><div class=\"wp-block-image\">\n<figure class=\"aligncenter size-full is-resized\"><img loading=\"lazy\" decoding=\"async\" width=\"643\" height=\"1200\" src=\"\/wp-content\/uploads\/2024\/12\/1xBet-Registration-Social-Media-Account.jpg\" alt=\"\" class=\"wp-image-10573\" style=\"width:342px;height:auto\"\/><\/figure>\n<\/div><\/div>\n<\/div>\n\n\n\n<div class=\"wp-block-columns nwm-container has-theme-palette-9-background-color has-background is-layout-flex wp-container-core-columns-is-layout-9d6595d7 wp-block-columns-is-layout-flex\" id=\"Container\">\n<div class=\"wp-block-column is-layout-flow wp-block-column-is-layout-flow\">\n<figure class=\"wp-block-image size-full\"><img loading=\"lazy\" decoding=\"async\" width=\"1536\" height=\"864\" src=\"\/wp-content\/uploads\/2024\/12\/Requirements-1xbet.jpg\" alt=\"\" class=\"wp-image-10584\"\/><\/figure>\n<\/div>\n\n\n\n<div class=\"wp-block-column is-layout-flow wp-block-column-is-layout-flow\">\n<h2 class=\"wp-block-heading\">Exigences d'inscription 1xBet :<\/h2>\n\n\n\n<ul class=\"wp-block-list\">\n<li><strong>\u00c2ge :<\/strong> Vous devez avoir 18 ans ou plus.<\/li>\n\n\n\n<li><strong>Num\u00e9ro de t\u00e9l\u00e9phone :<\/strong> Un num\u00e9ro de t\u00e9l\u00e9phone valide est requis pour recevoir le code de confirmation.<\/li>\n\n\n\n<li><strong>Informations personnelles :<\/strong> Entrez des d\u00e9tails pr\u00e9cis comme votre pr\u00e9nom et nom de famille.<\/li>\n\n\n\n<li><strong>Documents de v\u00e9rification :<\/strong> Une pi\u00e8ce d'identit\u00e9 d\u00e9livr\u00e9e par le gouvernement (comme un passeport) sera n\u00e9cessaire.<\/li>\n\n\n\n<li><strong>Appareil :<\/strong> Acc\u00e8s au site web via un t\u00e9l\u00e9phone mobile ou un PC.<\/li>\n<\/ul>\n<\/div>\n<\/div>\n\n\n\n<div class=\"wp-block-columns nwm-container has-theme-palette-9-background-color has-background is-layout-flex wp-container-core-columns-is-layout-9d6595d7 wp-block-columns-is-layout-flex\" id=\"Container\">\n<div class=\"wp-block-column is-layout-flow wp-block-column-is-layout-flow\">\n<h2 class=\"wp-block-heading\">Processus de v\u00e9rification du compte 1xBet<\/h2>\n\n\n\n<p>1xBet oblige les joueurs \u00e0 prouver leur identit\u00e9 pour pouvoir jouer sans probl\u00e8me. Dans le cadre de ce processus, un code de v\u00e9rification vous sera envoy\u00e9 par email ou par t\u00e9l\u00e9phone pour confirmer vos informations d'inscription. Cela d\u00e9pendra de la m\u00e9thode d'inscription choisie. Apr\u00e8s avoir saisi et confirm\u00e9 le code, votre compte sera enti\u00e8rement v\u00e9rifi\u00e9 pour s'assurer qu'il est authentique et restera actif. La v\u00e9rification est une \u00e9tape cl\u00e9 pour garantir la s\u00e9curit\u00e9 du site et assurer un d\u00e9roulement fluide des paris.&nbsp;<\/p>\n<\/div>\n\n\n\n<div class=\"wp-block-column is-layout-flow wp-block-column-is-layout-flow\">\n<figure class=\"wp-block-image size-full\"><img loading=\"lazy\" decoding=\"async\" width=\"1280\" height=\"960\" src=\"\/wp-content\/uploads\/2024\/12\/Verify.jpg\" alt=\"\" class=\"wp-image-10576\"\/><\/figure>\n<\/div>\n<\/div>\n\n\n\n<div class=\"wp-block-columns nwm-container has-theme-palette-9-background-color has-background is-layout-flex wp-container-core-columns-is-layout-9d6595d7 wp-block-columns-is-layout-flex\" id=\"Container\">\n<div class=\"wp-block-column is-layout-flow wp-block-column-is-layout-flow\"><div class=\"wp-block-image\">\n<figure class=\"aligncenter size-full\"><img loading=\"lazy\" decoding=\"async\" width=\"768\" height=\"504\" src=\"\/wp-content\/uploads\/2024\/12\/1xbet-promo-offer.png\" alt=\"\" class=\"wp-image-10582\"\/><\/figure>\n<\/div><\/div>\n\n\n\n<div class=\"wp-block-column is-layout-flow wp-block-column-is-layout-flow\">\n<h2 class=\"wp-block-heading\">Bonus d'inscription 1xBet<\/h2>\n\n\n\n<p>Lorsque vous vous inscrivez sur 1xBet, vous serez invit\u00e9 \u00e0 choisir entre deux promotions passionnantes \u2013 le bonus de bienvenue pour les sports ou l'offre de d\u00e9marrage pour le casino. Sur la version compl\u00e8te du site, cette option est disponible sur le c\u00f4t\u00e9 gauche du formulaire d'inscription.<\/p>\n\n\n\n<p>Si vous n'\u00eates pas s\u00fbr de la promotion \u00e0 s\u00e9lectionner, ne vous inqui\u00e9tez pas. Le syst\u00e8me vous permettra de vous inscrire d'abord et de d\u00e9cider plus tard. Vous pourrez choisir votre bonus pr\u00e9f\u00e9r\u00e9 depuis le menu de votre profil une fois votre premier d\u00e9p\u00f4t effectu\u00e9.<\/p>\n\n\n\n<div class=\"wp-block-buttons is-content-justification-center is-layout-flex wp-container-core-buttons-is-layout-16018d1d wp-block-buttons-is-layout-flex\">\n<div class=\"wp-block-button\"><a class=\"wp-block-button__link wp-element-button\">Code bonus<\/a><\/div>\n<\/div>\n<\/div>\n<\/div>\n\n\n\n<div class=\"wp-block-columns nwm-container has-theme-palette-9-background-color has-background is-layout-flex wp-container-core-columns-is-layout-9d6595d7 wp-block-columns-is-layout-flex\" id=\"Container\">\n<div class=\"wp-block-column is-layout-flow wp-block-column-is-layout-flow\">\n<h2 class=\"wp-block-heading has-text-align-left\"><strong>Erreurs courantes \u00e0 \u00e9viter lors de l'inscription sur 1xBet<\/strong><\/h2>\n\n\n\n<p>Lors de la cr\u00e9ation d'un compte sur 1xBet, les joueurs commettent souvent quelques erreurs courantes. En gardant \u00e0 l'esprit les conseils suivants, vous pouvez facilement \u00e9viter ces pi\u00e8ges :<\/p>\n\n\n\n<ol class=\"wp-block-list\">\n<li><strong>Mots de passe faibles<\/strong>: Assurez-vous que votre mot de passe est fort et unique pour prot\u00e9ger votre compte 1xBet contre tout acc\u00e8s non autoris\u00e9.<\/li>\n\n\n\n<li><strong>Sauter les Termes et Conditions<\/strong>: Prenez toujours le temps de lire et de bien comprendre les termes et conditions avant de les accepter.<\/li>\n\n\n\n<li><strong>Contourner le processus de v\u00e9rification<\/strong>: Ne sautez pas l'\u00e9tape de v\u00e9rification des documents, car elle est essentielle pour la s\u00e9curit\u00e9 de votre compte et pour des retraits sans probl\u00e8me.<\/li>\n\n\n\n<li><strong>Fournir des informations incorrectes<\/strong>: N'utilisez jamais de fausses informations ou les coordonn\u00e9es de quelqu'un d'autre. Cela est consid\u00e9r\u00e9 comme une fraude et peut entra\u00eener de graves cons\u00e9quences.<\/li>\n<\/ol>\n\n\n\n<h2 class=\"wp-block-heading\">Conclusion : Finaliser l'inscription sur 1xBet<\/h2>\n\n\n\n<p class=\"has-text-align-center\">En conclusion, s'inscrire et v\u00e9rifier votre compte 1xBet est un processus simple qui garantit votre acc\u00e8s \u00e0 toutes les fonctionnalit\u00e9s passionnantes de la plateforme. En suivant les \u00e9tapes d\u00e9crites ci-dessus, vous pouvez rapidement finaliser votre inscription et commencer \u00e0 profiter des paris, des jeux de casino, et plus encore. N'oubliez pas de fournir des informations personnelles pr\u00e9cises et de soumettre les documents de v\u00e9rification n\u00e9cessaires pour \u00e9viter tout retard. Une fois votre compte v\u00e9rifi\u00e9, vous serez pr\u00eat \u00e0 profiter pleinement des offres de 1xBet.<\/p>\n<\/div>\n<\/div>\n<\/div><\/div>\n\n\n\n<p><\/p>","protected":false},"excerpt":{"rendered":"<p>1xBet Registration and Verification for New Users Join 1xBet, the world&#8217;s top betting site! Register, verify your account, and unlock exclusive offers, promotions, and thrilling games.Become a 1xBet member and start winning! 1xBet Account Registration and Login Guide Welcome to 1xBet, the leading online casino offering endless excitement and winning opportunities internationally. If you\u2019re new&#8230;<\/p>","protected":false},"author":1,"featured_media":0,"parent":0,"menu_order":0,"comment_status":"closed","ping_status":"closed","template":"","meta":{"_kad_post_transparent":"","_kad_post_title":"","_kad_post_layout":"","_kad_post_sidebar_id":"","_kad_post_content_style":"","_kad_post_vertical_padding":"","_kad_post_feature":"","_kad_post_feature_position":"","_kad_post_header":false,"_kad_post_footer":false,"_kad_post_classname":"","footnotes":""},"class_list":["post-8","page","type-page","status-publish","hentry"],"_links":{"self":[{"href":"https:\/\/official1xbet.com\/fr\/wp-json\/wp\/v2\/pages\/8","targetHints":{"allow":["GET"]}}],"collection":[{"href":"https:\/\/official1xbet.com\/fr\/wp-json\/wp\/v2\/pages"}],"about":[{"href":"https:\/\/official1xbet.com\/fr\/wp-json\/wp\/v2\/types\/page"}],"author":[{"embeddable":true,"href":"https:\/\/official1xbet.com\/fr\/wp-json\/wp\/v2\/users\/1"}],"replies":[{"embeddable":true,"href":"https:\/\/official1xbet.com\/fr\/wp-json\/wp\/v2\/comments?post=8"}],"version-history":[{"count":19,"href":"https:\/\/official1xbet.com\/fr\/wp-json\/wp\/v2\/pages\/8\/revisions"}],"predecessor-version":[{"id":10586,"href":"https:\/\/official1xbet.com\/fr\/wp-json\/wp\/v2\/pages\/8\/revisions\/10586"}],"wp:attachment":[{"href":"https:\/\/official1xbet.com\/fr\/wp-json\/wp\/v2\/media?parent=8"}],"curies":[{"name":"wp","href":"https:\/\/api.w.org\/{rel}","templated":true}]}}