{"id":13223,"date":"2024-12-24T01:14:44","date_gmt":"2024-12-24T01:14:44","guid":{"rendered":"https:\/\/official1xbet.com\/?page_id=13223"},"modified":"2024-12-25T06:46:42","modified_gmt":"2024-12-25T06:46:42","slug":"barcelona-player","status":"publish","type":"page","link":"https:\/\/official1xbet.com\/es\/barcelona-player\/","title":{"rendered":"Jugador del Barcelona"},"content":{"rendered":"<h1 class=\"wp-block-heading\">Oficial 1xBet: Jugadores del Barcelona y sus Rendimientos<\/h1>\n\n\n\n<p>Conoce a los mejores jugadores del FC Barcelona y sus actuaciones a lo largo de la temporada. Desde leyendas del ataque hasta defensores s\u00f3lidos, 1xBet ofrece una visi\u00f3n detallada del papel, estad\u00edsticas y contribuciones de cada jugador al equipo. Ya sea que est\u00e9s siguiendo sus actuaciones para obtener informaci\u00f3n para apuestas o simplemente manteni\u00e9ndote al d\u00eda con tus jugadores favoritos, 1xBet proporciona toda la informaci\u00f3n que necesitas.<\/p>\n\n\n\n<figure class=\"wp-block-image size-full\"><img loading=\"lazy\" decoding=\"async\" width=\"1280\" height=\"853\" src=\"https:\/\/official1xbet.com\/wp-content\/uploads\/2024\/12\/Barcelona-Players.jpg\" alt=\"\" class=\"wp-image-13245\"\/><\/figure>\n\n\n\n<h2 class=\"wp-block-heading\">Resumen Actual del Plantel del Barcelona<\/h2>\n\n\n\n<p>La alineaci\u00f3n del Barcelona est\u00e1 compuesta por un grupo diverso de jugadores, incluyendo tanto veteranos experimentados como promesas emergentes. A continuaci\u00f3n, obtendr\u00e1s una visi\u00f3n general de los jugadores importantes del Barcelona en las distintas posiciones:&nbsp;<\/p>\n\n\n\n<figure class=\"wp-block-table\"><table class=\"has-fixed-layout\"><tbody><tr><td><strong>Posici\u00f3n<\/strong><\/td><td><strong>Jugadores<\/strong><\/td><\/tr><tr><td><strong>Delanteros<\/strong><\/td><td>Lamine Yamal, Robert Lewandowski, Raphinha, Ansu Fati, Ferran Torres, Pau V\u00edctor<\/td><\/tr><tr><td><strong>Centrocampistas<\/strong><\/td><td>Pedri, Gavi, Frenkie de Jong, Dani Olmo, Ferm\u00edn L\u00f3pez, Marc Casad\u00f3, Pablo Torre, Marc Bernal<\/td><\/tr><tr><td><strong>Defensas<\/strong><\/td><td>Ronald Ara\u00fajo, Jules Kound\u00e9, Pau Cubars\u00ed, Alejandro Balde, Andreas Christensen, I\u00f1igo Mart\u00ednez, Hector Fort, Eric Garc\u00eda, Gerard Mart\u00edn<\/td><\/tr><tr><td><strong>Porteros<\/strong><\/td><td>Marc-Andr\u00e9 ter Stegen, Wojciech Szcz\u0119sny, I\u00f1aki Pe\u00f1a<\/td><\/tr><\/tbody><\/table><\/figure>\n\n\n\n<h2 class=\"wp-block-heading\">Jugadores Clave del Barcelona<\/h2>\n\n\n\n<p>Aqu\u00ed algunos de los jugadores destacados que definen el estilo de juego del Barcelona e influyen en su \u00e9xito en el campo:<\/p>\n\n\n\n<h3 class=\"wp-block-heading\">1. Robert Lewandowski (Delantero)<\/h3>\n\n\n\n<ul class=\"wp-block-list\">\n<li><strong>Rol<\/strong>: El m\u00e1ximo goleador y estrella del Barcelona.<\/li>\n\n\n\n<li><strong>Fortalezas<\/strong>: Finalizaci\u00f3n cl\u00ednica, posicionamiento y duelos a\u00e9reos.<\/li>\n\n\n\n<li><strong>Estad\u00edsticas<\/strong>: Lewandowski se mantiene a la cabeza del ataque con su experiencia y precisi\u00f3n, y ha sido el m\u00e1ximo goleador del equipo desde que lleg\u00f3.\u00a0<\/li>\n<\/ul>\n\n\n\n<h3 class=\"wp-block-heading\">2. Pedri (Centrocampista)<\/h3>\n\n\n\n<ul class=\"wp-block-list\">\n<li><strong>Rol<\/strong>: Creador de juego y fuerza creativa en el medio campo.<\/li>\n\n\n\n<li><strong>Fortalezas<\/strong>: Visi\u00f3n, pase y regate.<\/li>\n\n\n\n<li><strong>Estad\u00edsticas<\/strong>: Pedri ha sido fundamental en la creaci\u00f3n de oportunidades para el Barcelona, contribuyendo a menudo con asistencias y preparando momentos clave en los partidos.<\/li>\n<\/ul>\n\n\n\n<h3 class=\"wp-block-heading\">3. Ronald Ara\u00fajo (Defensa)<\/h3>\n\n\n\n<ul class=\"wp-block-list\">\n<li><strong>Rol<\/strong>: Defensa central clave y l\u00edder defensivo.<\/li>\n\n\n\n<li><strong>Fortalezas<\/strong>: F\u00edsico, liderazgo y tackles.<\/li>\n\n\n\n<li><strong>Estad\u00edsticas<\/strong>: Ara\u00fajo es una roca en la defensa del Barcelona, realizando con frecuencia intercepciones y despejes cruciales.<\/li>\n<\/ul>\n\n\n\n<h3 class=\"wp-block-heading\">4. Marc-Andr\u00e9 ter Stegen (Portero)<\/h3>\n\n\n\n<ul class=\"wp-block-list\">\n<li><strong>Rol<\/strong>: Portero titular del Barcelona.<\/li>\n\n\n\n<li><strong>Fortalezas<\/strong>: Paradas, reflejos y liderazgo desde la defensa.<\/li>\n\n\n\n<li><strong>Estad\u00edsticas<\/strong>: Ter Stegen es conocido por sus excelentes reflejos y su capacidad para mantener porter\u00edas a cero en partidos de alta importancia.<\/li>\n<\/ul>\n\n\n\n<h3 class=\"wp-block-heading\">5. Gavi (Centrocampista)<\/h3>\n\n\n\n<ul class=\"wp-block-list\">\n<li><strong>Rol<\/strong>: Un joven y din\u00e1mico centrocampista, clave en el juego de presi\u00f3n del Barcelona.<\/li>\n\n\n\n<li><strong>Fortalezas<\/strong>: Agresi\u00f3n, ritmo de trabajo y creatividad.<\/li>\n\n\n\n<li><strong>Estad\u00edsticas<\/strong>: Gavi aporta energ\u00eda al medio campo, actuando a menudo como la fuerza impulsora en la presi\u00f3n y distribuci\u00f3n del equipo.<\/li>\n<\/ul>\n\n\n\n<h2 class=\"wp-block-heading\">Estad\u00edsticas de jugadores del Barcelona<\/h2>\n\n\n\n<p>1xBet proporciona estad\u00edsticas detalladas de cada jugador del Barcelona, incluyendo:<\/p>\n\n\n\n<ul class=\"wp-block-list\">\n<li><strong>Goles Marcados<\/strong>: Rastrea el n\u00famero de goles anotados por cada jugador en todas las competiciones.<\/li>\n\n\n\n<li><strong>Asistencias<\/strong>: Ve qu\u00e9 jugadores est\u00e1n creando oportunidades para sus compa\u00f1eros.<\/li>\n\n\n\n<li><strong>Minutos Jugados<\/strong>: Lleva un registro de las apariciones y contribuciones de los jugadores.<\/li>\n\n\n\n<li><strong>Tarjetas<\/strong>: Obt\u00e9n un desglose completo de las tarjetas amarillas y rojas para cada jugador.<\/li>\n<\/ul>\n\n\n\n<h2 class=\"wp-block-heading\">Apuestas en Prop de Jugador para Partidos del Barcelona<\/h2>\n\n\n\n<p>1xBet ofrece una serie de mercados de apuestas para los jugadores del Barcelona, que puedes aprovechar si est\u00e1s interesado en apostar por el rendimiento de jugadores en particular. Aqu\u00ed tienes algunas de las apuestas m\u00e1s comunes:&nbsp;<\/p>\n\n\n\n<ul class=\"wp-block-list\">\n<li><strong>Apuestas al Goleador<\/strong>: Apuesta por qui\u00e9n marcar\u00e1 en un partido del Barcelona.<\/li>\n\n\n\n<li><strong>Asistencias<\/strong>: Predice qu\u00e9 jugador dar\u00e1 m\u00e1s asistencias.<\/li>\n\n\n\n<li><strong>Tarjetas de Jugador<\/strong>: Apuesta a si un jugador recibir\u00e1 una tarjeta amarilla o roja en un partido.<\/li>\n\n\n\n<li><strong>Rendimiento del Jugador<\/strong>: Apuesta por el rendimiento general de un jugador en t\u00e9rminos de goles, asistencias o acciones defensivas.<\/li>\n<\/ul>\n\n\n\n<h2 class=\"wp-block-heading\">Mejores Rendimientos del Barcelona<\/h2>\n\n\n\n<p>Cada partido del Barcelona trae nuevas oportunidades para seguir y apostar por el rendimiento de los jugadores. Aqu\u00ed tienes algunos de los mejores rendimientos de esta temporada:<\/p>\n\n\n\n<ul class=\"wp-block-list\">\n<li><strong>Robert Lewandowski<\/strong> sigue siendo la principal amenaza goleadora del equipo, a menudo siendo el punto focal en el ataque.<\/li>\n\n\n\n<li><strong>Pedri<\/strong> ha mostrado madurez en su papel de creador de juego, dictando el ritmo y flujo del centro del campo del Barcelona.<\/li>\n\n\n\n<li><strong>Ronald Ara\u00fajo<\/strong> permanece como la columna vertebral de la defensa del Barcelona, siempre listo para detener los ataques del equipo contrario con su presencia f\u00edsica.<\/li>\n\n\n\n<li><strong>la habilidad de Marc-Andr\u00e9 ter Stegen<\/strong> para detener disparos ha sido muy importante para asegurar puntos importantes. A menudo realiza paradas clave para mantener al Barcelona en los partidos.\u00a0<\/li>\n<\/ul>\n\n\n\n<h2 class=\"wp-block-heading\">\u00bfPor qu\u00e9 seguir a los jugadores del Barcelona en 1xBet?<\/h2>\n\n\n\n<p>1xBet ofrece a sus clientes una cobertura extensa de los jugadores del Barcelona y sus estad\u00edsticas, lo que facilita monitorear su desarrollo durante el transcurso de la temporada. Aqu\u00ed algunas razones por las que 1xBet es la mejor plataforma para los seguidores del Barcelona:&nbsp;<\/p>\n\n\n\n<ul class=\"wp-block-list\">\n<li><strong>Estad\u00edsticas en vivo de los jugadores<\/strong>: Recibe actualizaciones en tiempo real sobre las estad\u00edsticas de los jugadores durante los partidos.<\/li>\n\n\n\n<li><strong>An\u00e1lisis Detallado<\/strong>: Accede a informaci\u00f3n detallada sobre el rendimiento de los jugadores, desde goles hasta contribuciones defensivas.<\/li>\n\n\n\n<li><strong>Oportunidades de apuesta<\/strong>: Realiza apuestas sobre resultados individuales de los jugadores, desde marcar goles hasta hacer asistencias.<\/li>\n\n\n\n<li><strong>Transmisi\u00f3n en Vivo<\/strong>: Mira los partidos del Barcelona en vivo y sigue el rendimiento de tus jugadores favoritos en tiempo real.<\/li>\n<\/ul>\n\n\n\n<h2 class=\"wp-block-heading\">Recibe actualizaciones sobre los jugadores del Barcelona con 1xBet<\/h2>\n\n\n\n<p>Inf\u00f3rmate de cada detalle relacionado con los jugadores del Barcelona y c\u00f3mo est\u00e1n yendo. En 1xBet, encontrar\u00e1s las estad\u00edsticas de jugadores m\u00e1s completas y actualizadas, as\u00ed como posibilidades de apuesta, perfectas para los aficionados que quieren seguir sus contribuciones o para los apostadores que desean obtener informaci\u00f3n. Haz apuestas informadas sobre el pr\u00f3ximo encuentro del Barcelona siguiendo a sus jugadores importantes.&nbsp;<\/p>\n\n\n\n<p>Visita <strong>1xBet<\/strong> ahora para seguir a los jugadores del Barcelona, consultar sus estad\u00edsticas y realizar tus apuestas en los pr\u00f3ximos partidos!<\/p>","protected":false},"excerpt":{"rendered":"<p>Official 1xBet: Barcelona Players and Their Performances Get to know FC Barcelona&#8217;s top players and their performances throughout the season. From attacking legends to solid defenders, 1xBet offers a detailed look at each player&#8217;s role, stats, and contributions to the team. Whether you&#8217;re tracking their performances for betting insights or simply keeping up with your&#8230;<\/p>","protected":false},"author":1,"featured_media":13245,"parent":0,"menu_order":0,"comment_status":"closed","ping_status":"closed","template":"template-player.php","meta":{"_kad_post_transparent":"","_kad_post_title":"","_kad_post_layout":"","_kad_post_sidebar_id":"","_kad_post_content_style":"","_kad_post_vertical_padding":"","_kad_post_feature":"","_kad_post_feature_position":"","_kad_post_header":false,"_kad_post_footer":false,"_kad_post_classname":"","footnotes":""},"class_list":["post-13223","page","type-page","status-publish","has-post-thumbnail","hentry"],"_links":{"self":[{"href":"https:\/\/official1xbet.com\/es\/wp-json\/wp\/v2\/pages\/13223","targetHints":{"allow":["GET"]}}],"collection":[{"href":"https:\/\/official1xbet.com\/es\/wp-json\/wp\/v2\/pages"}],"about":[{"href":"https:\/\/official1xbet.com\/es\/wp-json\/wp\/v2\/types\/page"}],"author":[{"embeddable":true,"href":"https:\/\/official1xbet.com\/es\/wp-json\/wp\/v2\/users\/1"}],"replies":[{"embeddable":true,"href":"https:\/\/official1xbet.com\/es\/wp-json\/wp\/v2\/comments?post=13223"}],"version-history":[{"count":3,"href":"https:\/\/official1xbet.com\/es\/wp-json\/wp\/v2\/pages\/13223\/revisions"}],"predecessor-version":[{"id":13246,"href":"https:\/\/official1xbet.com\/es\/wp-json\/wp\/v2\/pages\/13223\/revisions\/13246"}],"wp:featuredmedia":[{"embeddable":true,"href":"https:\/\/official1xbet.com\/es\/wp-json\/wp\/v2\/media\/13245"}],"wp:attachment":[{"href":"https:\/\/official1xbet.com\/es\/wp-json\/wp\/v2\/media?parent=13223"}],"curies":[{"name":"wp","href":"https:\/\/api.w.org\/{rel}","templated":true}]}}